{"id":28,"date":"2016-09-18T22:18:23","date_gmt":"2016-09-18T20:18:23","guid":{"rendered":"http:\/\/eelannonay.org\/?page_id=28"},"modified":"2026-04-27T21:13:13","modified_gmt":"2026-04-27T19:13:13","slug":"predications","status":"publish","type":"page","link":"http:\/\/www.eelannonay.org\/index.php\/predications\/","title":{"rendered":"Pr\u00e9dications"},"content":{"rendered":"<h2 class=\"wp-block-heading\"><a href=\"http:\/\/eelannonay.org\/wp-content\/uploads\/Nayez-pas-peur-et-tenez-vous-pr_ts.mp3\">Pr\u00e9dication du 8 f\u00e9vrier 2026, EEL Annonay, Jacques<\/a><\/h2>\n<h3 class=\"wp-block-heading\">\u00ab\u00a0Vous \u00eates le sel de la terre, vous \u00eates la lumi\u00e8re du monde ! Matthieu 5. 1-16\u00a0<audio src=\"http:\/\/www.eelannonay.org\/wp-content\/uploads\/Vous-etes-le-sel-de-la-terre-vous-etes-la-lumiere-du-monde.mp3\" controls=\"controls\"><\/audio><\/h3>\n<h2 class=\"wp-block-heading\"><a href=\"http:\/\/eelannonay.org\/wp-content\/uploads\/Nayez-pas-peur-et-tenez-vous-pr_ts.mp3\">Pr\u00e9dication du 25 janvier 2026, EEL Annonay, Jacques<\/a><\/h2>\n<h3 class=\"wp-block-heading\">\u00ab\u00a0Allons vers l\u2019autre rive ! Matthieu 4. 12-22\u00a0\u00bb<\/h3>\n<figure class=\"wp-block-audio\"><audio src=\"http:\/\/www.eelannonay.org\/wp-content\/uploads\/Allons-vers-lautre-rive-.mp3\" controls=\"controls\"><\/audio><figcaption class=\"wp-element-caption\">Pr\u00e9dication du dimanche 25 janvier 2026<\/figcaption><\/figure>\n<h2 class=\"wp-block-heading\"><a href=\"http:\/\/eelannonay.org\/wp-content\/uploads\/Nayez-pas-peur-et-tenez-vous-pr_ts.mp3\">Pr\u00e9dication du 18 janvier 2026, EEL Annonay, Jacques<\/a><\/h2>\n<h3 class=\"wp-block-heading\">\u00ab\u00a0Voici l\u2019agneau de Dieu qui \u00f4te le p\u00each\u00e9 du monde\u00a0\u00bb<\/h3>\n<figure class=\"wp-block-audio\"><audio src=\"http:\/\/www.eelannonay.org\/wp-content\/uploads\/Voici-lagneau-de-Dieu-qui-ote-le-peche-du-monde.mp3\" controls=\"controls\"><\/audio><\/figure>\n<h2 class=\"wp-block-heading\"><a href=\"http:\/\/eelannonay.org\/wp-content\/uploads\/Nayez-pas-peur-et-tenez-vous-pr_ts.mp3\">Pr\u00e9dication du 11 janvier 2026, EEL Annonay, Eric<\/a><\/h2>\n<h3 class=\"wp-block-heading\">\u00ab\u00a0Ce que le bapt\u00eame de J\u00e9sus nous r\u00e9v\u00e8le\u00a0\u00bb<\/h3>\n<figure class=\"wp-block-audio\"><audio src=\"http:\/\/www.eelannonay.org\/wp-content\/uploads\/Ce-que-le-bapteme-de-Jesus-nous-revele.mp3\" controls=\"controls\"><\/audio><\/figure>\n<h2 class=\"wp-block-heading\"><a href=\"http:\/\/eelannonay.org\/wp-content\/uploads\/Nayez-pas-peur-et-tenez-vous-pr_ts.mp3\">Pr\u00e9dication du 4 janvier 2026, EEL Annonay, Jacques<\/a><\/h2>\n<h3 class=\"wp-block-heading\">\u00ab\u00a0Une \u00e9toile, oui, mais pas seulement\u00a0\u00bb<\/h3>\n<figure class=\"wp-block-audio\"><audio src=\"http:\/\/www.eelannonay.org\/wp-content\/uploads\/Une-etoile-oui-mais-pas-seulement-.mp3\" controls=\"controls\"><\/audio><\/figure>\n<h2 class=\"wp-block-heading\"><a href=\"http:\/\/eelannonay.org\/wp-content\/uploads\/Nayez-pas-peur-et-tenez-vous-pr_ts.mp3\">Pr\u00e9dication du 28 d\u00e9cembre 2025, EEL Annonay, Jacques<\/a><\/h2>\n<h3 class=\"wp-block-heading\">\u00ab\u00a0D\u2019Egypte, j\u2019ai appel\u00e9 mon fils !\u00a0\u00bb<\/h3>\n<figure class=\"wp-block-audio\"><audio src=\"http:\/\/www.eelannonay.org\/wp-content\/uploads\/DEgypte-jai-appele-mon-fils.mp3\" controls=\"controls\"><\/audio><\/figure>\n<h2 class=\"wp-block-heading\"><a href=\"http:\/\/eelannonay.org\/wp-content\/uploads\/Nayez-pas-peur-et-tenez-vous-pr_ts.mp3\">Pr\u00e9dication du 21d\u00e9cembre 2025, EEL Annonay, Jacques<\/a><\/h2>\n<h3 class=\"wp-block-heading\">\u00ab\u00a0N\u00e9 d\u2019une vierge\u00a0\u00bb<\/h3>\n<figure class=\"wp-block-audio\"><audio src=\"http:\/\/www.eelannonay.org\/wp-content\/uploads\/Ne-dune-vierge.mp3\" controls=\"controls\"><\/audio><\/figure>\n<h2 class=\"wp-block-heading\"><a href=\"http:\/\/eelannonay.org\/wp-content\/uploads\/Nayez-pas-peur-et-tenez-vous-pr_ts.mp3\">Pr\u00e9dication du 14 d\u00e9cembre 2025, EEL Annonay, Marc<\/a><\/h2>\n<h3 class=\"wp-block-heading\">\u00ab\u00a0La proph\u00e9tie de Zacharie \u2013 Paix et joie\u00a0\u00bb<\/h3>\n<figure class=\"wp-block-audio\"><audio src=\"http:\/\/www.eelannonay.org\/wp-content\/uploads\/La-prophetie-de-Zacharie-Paix-et-Joie.mp3\" controls=\"controls\"><\/audio><\/figure>\n<h2 class=\"wp-block-heading\"><a href=\"http:\/\/eelannonay.org\/wp-content\/uploads\/Nayez-pas-peur-et-tenez-vous-pr_ts.mp3\">Pr\u00e9dication du 7 d\u00e9cembre 2025, EEL Annonay, Philippe<\/a><\/h2>\n<h3 class=\"wp-block-heading\">\u00ab\u00a0Pr\u00e9pare toi pour No\u00ebl\u00a0\u00bb<\/h3>\n<figure class=\"wp-block-audio\"><audio src=\"http:\/\/www.eelannonay.org\/wp-content\/uploads\/Prepare-toi-pour-Noel.mp3\" controls=\"controls\"><\/audio><\/figure>\n<p><a href=\"http:\/\/eelannonay.org\/wp-content\/uploads\/Nayez-pas-peur-et-tenez-vous-pr_ts.mp3\">Pr\u00e9dication du 30 novembre 2025, EEL Annonay, Christophe et Myriam WAECHTER<\/a><\/p>\n<h3 class=\"wp-block-heading\">\u00ab\u00a0Le royaume des cieux est proche. Marc 1. 1-15\u00a0\u00bb<\/h3>\n<figure class=\"wp-block-audio\"><audio src=\"http:\/\/www.eelannonay.org\/wp-content\/uploads\/Le-royaume-des-cieux-est-proche.mp3\" controls=\"controls\"><\/audio><\/figure>\n<h2 class=\"wp-block-heading\"><a href=\"http:\/\/eelannonay.org\/wp-content\/uploads\/Nayez-pas-peur-et-tenez-vous-pr_ts.mp3\">Pr\u00e9dication de novembre 2025, EEL Annonay, Jacques PETERSCHMITT<\/a><\/h2>\n<h3 class=\"wp-block-heading\">\u00ab\u00a0Zach\u00e9e, un homme qui devient disciple de J\u00e9sus\u00a0\u00bb<\/h3>\n<figure class=\"wp-block-audio\"><audio src=\"http:\/\/www.eelannonay.org\/wp-content\/uploads\/Zachee-un-homme-qui-devient-disciple-de-Jesus.mp3\" controls=\"controls\"><\/audio><\/figure>\n<h3 class=\"wp-block-heading\">\u00ab\u00a0Recouvrer la vue, voir J\u00e9sus et le suivre\u00a0\u00bb<\/h3>\n<figure class=\"wp-block-audio\"><audio src=\"http:\/\/www.eelannonay.org\/wp-content\/uploads\/Recouvrer-la-vue-voir-Jesus-et-le-suivre.mp3\" controls=\"controls\"><\/audio><\/figure>\n<h2 class=\"wp-block-heading\"><a href=\"http:\/\/eelannonay.org\/wp-content\/uploads\/Nayez-pas-peur-et-tenez-vous-pr_ts.mp3\">Pr\u00e9dication d\u2019octobre 2025, EEL Annonay, Jacques PETERSCHMITT<\/a><\/h2>\n<h3 class=\"wp-block-heading\">\u00ab\u00a0Quand le Fils de l\u2019homme viendra trouvera t-il la foi sur la terre ?\u00a0\u00bb<\/h3>\n<figure class=\"wp-block-audio\"><audio src=\"http:\/\/www.eelannonay.org\/wp-content\/uploads\/Quand-le-Fils-de-lhomme-viendra-trouvera-t-il-la-foi-sur-la-terre-2-1.mp3\" controls=\"controls\"><\/audio><\/figure>\n<h3 class=\"wp-block-heading\">\u00ab\u00a0Jusqu\u2019ici tout va bien\u00a0\u00bb<\/h3>\n<figure class=\"wp-block-audio\"><audio src=\"http:\/\/www.eelannonay.org\/wp-content\/uploads\/Jusquici-tout-va-bien-2-1.mp3\" controls=\"controls\"><\/audio><\/figure>\n<h3 class=\"wp-block-heading\">\u00ab\u00a0Etre en relation pour vivre \u00e9ternellement\u00a0\u00bb<\/h3>\n<figure class=\"wp-block-audio\"><audio src=\"http:\/\/www.eelannonay.org\/wp-content\/uploads\/Etre-en-relation-pour-vivre-eternellement-2-1.mp3\" controls=\"controls\"><\/audio><\/figure>\n<h2 class=\"wp-block-heading\"><a href=\"http:\/\/eelannonay.org\/wp-content\/uploads\/Nayez-pas-peur-et-tenez-vous-pr_ts.mp3\">Pr\u00e9dication du 21 septembre 2025, EEL Annonay, Jacques PETERSCHMITT<\/a><\/h2>\n<h3 class=\"wp-block-heading\">\u00ab\u00a0Faites vous des amis avec l\u2019argent injuste \u00a0\u00bb : Luc 16 v 1-13, le serviteur habile.<\/h3>\n<figure class=\"wp-block-audio\"><audio src=\"http:\/\/eelannonay.org\/wp-content\/uploads\/EEL-Annonay-Predication-du-21.09.2025-Pasteur-J.-Peterschmitt-Faites-vous-des-amis-avec-l_argent-injuste-_.mp3\" controls=\"controls\"><\/audio><figcaption class=\"wp-element-caption\">Pr\u00e9dication Jacques du 21 septembre 2025 : \u00ab\u00a0Faites vous des amis avec de l\u2019argent injuste\u00a0\u00bb<\/figcaption><\/figure>\n<h2 class=\"wp-block-heading\"><a href=\"http:\/\/eelannonay.org\/wp-content\/uploads\/Nayez-pas-peur-et-tenez-vous-pr_ts.mp3\">Pr\u00e9dication du 10 ao\u00fbt 2025, EEL Annonay, Eric RIOU<\/a><\/h2>\n<h3 class=\"wp-block-heading\">\u00ab\u00a0N\u2019ayez pas peur et tenez vous pr\u00eat !\u00a0\u00bb : Luc 12 v 32-38 \u00ab\u00a0Ne crains point, petit troupeau, car votre P\u00e8re a trouv\u00e9 bon de vous donner le royaume.\u00a0\u00bb<\/h3>\n<figure class=\"wp-block-audio\"><audio src=\"http:\/\/eelannonay.org\/wp-content\/uploads\/Nayez-pas-peur-et-tenez-vous-pr_ts.mp3\" controls=\"controls\"><\/audio><figcaption class=\"wp-element-caption\">Pr\u00e9dication Eric du 10 ao\u00fbt 2025 : \u00ab\u00a0N\u2019ayez pas peur, et tenez vous pr\u00eats\u00a0\u00bb<\/figcaption><\/figure>\n<h2 class=\"wp-block-heading\">Pr\u00e9dication du 13 juillet 2025, EEL Annonay, Pasteur Jacques PETERSCHMITT<\/h2>\n<h3 class=\"wp-block-heading\">\u00ab\u00a0Aimer, c\u2019est vivre !\u00a0\u00bb Parabole dite du bon samaritain : Luc 10 v 25-37<\/h3>\n<figure class=\"wp-block-audio\"><audio src=\"http:\/\/eelannonay.org\/wp-content\/uploads\/EEL-Annonay-Predication-du-13.07.20225-Pasteur-J.-Peterschmitt-Aimer-cest-vivre-1.mp3\" controls=\"controls\"><\/audio><figcaption class=\"wp-element-caption\">Pr\u00e9dication du 13 juillet 2025, EEL Annonay, Pasteur Jacques PETERSCHMITT<br \/>\n\u00ab\u00a0Aimer, c\u2019est vivre !\u00a0\u00bb Parabole dite du bon samaritain : Luc 10 v 25-37<\/figcaption><\/figure>\n<h2 class=\"wp-block-heading\">Pr\u00e9dication audio 2025.04.27 \u2013 La solution qui tombe bien (Philippe)<\/h2>\n<figure class=\"wp-block-audio\"><audio src=\"http:\/\/eelannonay.org\/wp-content\/uploads\/predication-audio-2025.04.27-La-solution-qui-tombe-bien-Philippe.mp3\" controls=\"controls\"><\/audio><\/figure>\n<h2 class=\"wp-block-heading\">Pr\u00e9dication du dimanche 31 mars 2024, dimanche de P\u00e2ques : Philippe Andr\u00e9<\/h2>\n<figure class=\"wp-block-audio\"><audio src=\"http:\/\/eelannonay.org\/wp-content\/uploads\/predication-audio-2024.03.31-Paques-evangile-de-lesperance-Philippe.mp4\" controls=\"controls\"><\/audio><\/figure>\n<p><a href=\"http:\/\/www.eelannonay.org\/?p=1227\">Order acivir pills online no prescription<\/a><\/p>\n","protected":false},"excerpt":{"rendered":"<p>Pr\u00e9dication du 8 f\u00e9vrier 2026, EEL Annonay, Jacques \u00ab\u00a0Vous \u00eates le sel de la terre, vous \u00eates la lumi\u00e8re du monde ! Matthieu 5. 1-16\u00a0 Pr\u00e9dication du 25 janvier 2026, EEL Annonay, Jacques \u00ab\u00a0Allons vers l\u2019autre rive ! Matthieu 4. 12-22\u00a0\u00bb Pr\u00e9dication du dimanche 25 janvier 2026 Pr\u00e9dication du 18 janvier 2026, EEL Annonay, Jacques [&hellip;]<\/p>\n","protected":false},"author":1,"featured_media":0,"parent":0,"menu_order":6,"comment_status":"closed","ping_status":"closed","template":"","meta":{"footnotes":""},"class_list":["post-28","page","type-page","status-publish","hentry"],"_links":{"self":[{"href":"http:\/\/www.eelannonay.org\/index.php\/wp-json\/wp\/v2\/pages\/28","targetHints":{"allow":["GET"]}}],"collection":[{"href":"http:\/\/www.eelannonay.org\/index.php\/wp-json\/wp\/v2\/pages"}],"about":[{"href":"http:\/\/www.eelannonay.org\/index.php\/wp-json\/wp\/v2\/types\/page"}],"author":[{"embeddable":true,"href":"http:\/\/www.eelannonay.org\/index.php\/wp-json\/wp\/v2\/users\/1"}],"replies":[{"embeddable":true,"href":"http:\/\/www.eelannonay.org\/index.php\/wp-json\/wp\/v2\/comments?post=28"}],"version-history":[{"count":30,"href":"http:\/\/www.eelannonay.org\/index.php\/wp-json\/wp\/v2\/pages\/28\/revisions"}],"predecessor-version":[{"id":1346,"href":"http:\/\/www.eelannonay.org\/index.php\/wp-json\/wp\/v2\/pages\/28\/revisions\/1346"}],"wp:attachment":[{"href":"http:\/\/www.eelannonay.org\/index.php\/wp-json\/wp\/v2\/media?parent=28"}],"curies":[{"name":"wp","href":"https:\/\/api.w.org\/{rel}","templated":true}]}}